{"id":666,"date":"2020-10-13T17:29:08","date_gmt":"2020-10-13T15:29:08","guid":{"rendered":"https:\/\/gruber.mar-cloud.de\/privacy-policy\/"},"modified":"2025-05-30T23:52:50","modified_gmt":"2025-05-30T21:52:50","slug":"privacy-policy","status":"publish","type":"page","link":"https:\/\/www.sped-gruber.de\/en\/privacy-policy\/","title":{"rendered":"Privacy notice"},"content":{"rendered":"<p><div class=\"fusion-fullwidth fullwidth-box fusion-builder-row-1 fusion-flex-container nonhundred-percent-fullwidth non-hundred-percent-height-scrolling\" style=\"background-color: rgba(255,255,255,0);background-position: center center;background-repeat: no-repeat;border-width: 0px 0px 0px 0px;border-color:#e2e2e2;border-style:solid;\" ><div class=\"fusion-builder-row fusion-row fusion-flex-align-items-flex-start\" style=\"max-width:1248px;margin-left: calc(-4% \/ 2 );margin-right: calc(-4% \/ 2 );\"><div class=\"fusion-layout-column fusion_builder_column fusion-builder-column-0 fusion_builder_column_1_1 1_1 fusion-flex-column\"><div class=\"fusion-column-wrapper fusion-flex-justify-content-flex-start fusion-content-layout-column\" style=\"background-position:left top;background-repeat:no-repeat;-webkit-background-size:cover;-moz-background-size:cover;-o-background-size:cover;background-size:cover;padding: 0px 0px 0px 0px;\"><div class=\"fusion-text fusion-text-1\" style=\"transform:translate3d(0,0,0);\"><p>&#13;<\/p>\n<div id=\"comp-kaz39btb\" class=\"_2bafp\" data-testid=\"richTextElement\">&#13;<\/p>\n<p class=\"font_2\">Der Schutz Ihrer personenbezogenen Daten und damit der Schutz Ihrer Privatsph\u00e4re ist uns ein wichtiges Anliegen. Daher informieren wir Sie gerne dar\u00fcber, welche Daten Ihres Besuchs auf unserer Website zu welchen Zwecken erhoben, verarbeitet und verwendet werden. Hierbei beachten wir vor Allem die geltenden datenschutzrechtlichen Bestimmungen, insbesondere das Bundesdatenschutzgesetz (BDSG), EU-Datenschutz-Grundverordnung (EU-DSGVO) sowie das Telemediengesetz (TMG). Diese Datenschutzerkl\u00e4rung gilt ausschlie\u00dflich f\u00fcr den Internetauftritt der Gruber GmbH &amp; Co. KG. Links f\u00fcr Seiten anderer Anbieter und Kooperationspartner sind hiervon jedoch ausgeschlossen.<\/p>\n<p>&#13;\n<\/p><\/div>\n<p>&#13;<\/p>\n<div id=\"comp-kaz39bt0\" class=\"_2bafp\" data-testid=\"richTextElement\">&#13;<\/p>\n<p><br\/>Haben Sie Fragen oder W\u00fcnsche zu den Angaben in unserer Datenschutzerkl\u00e4rung oder zum Umgang mit Ihren personenbezogenen Daten? Dann wenden Sie sich bitte an den von uns berufenen Datenschutzbeauftragen &#8211; er wird Ihnen gerne weiterhelfen!<\/p>\n<p><strong>Personenbezogene Daten<\/strong><br\/>Personenbezogene Daten sind Einzelangaben \u00fcber pers\u00f6nliche oder sachliche Verh\u00e4ltnisse einer bestimmten oder bestimmbaren nat\u00fcrlichen Person. Hierzu geh\u00f6ren zum Beispiel Ihr Name und Vorname, Ihre Anschrift, Ihre Telefonnummer und ihr Geburtsdatum.<\/p>\n<p><strong>Datenerhebung und Verarbeitung<\/strong><br\/>Beim Besuch unserer Webseite, speichern unsere Webserver standardm\u00e4\u00dfig zum Zweck der Systemsicherheit tempor\u00e4r die Verbindungsdaten (IP-Adresse) des anfragenden Hosts (PC, Smartphone o.\u00e4.), die Webseiten, die Sie bei uns besuchen, das Datum des Besuchs, die Daten des verwendeten Browser- und des Betriebssystems sowie die Webseite, von der aus Sie uns besuchen. Dar\u00fcber hinaus gehende personenbezogene Angaben wie Ihr Name, Ihre Anschrift, Ihre Telefonnummer oder Ihre E-Mail-Adresse werden nicht erfasst, es sei denn, diese Angaben werden von Ihnen freiwillig gemacht, zum Beispiel bei einer Informationsanfrage. Nur nach vorheriger Einwilligung \u2013 diese k\u00f6nnen Sie jederzeit widerrufen \u2013 nutzen wir Ihre personenbezogenen Daten f\u00fcr Marketingzwecke. Hierf\u00fcr wenden Sie sich bitte an unseren Datenschutzbeauftragten. Im Allgemeinen weisen wir darauf hin, dass bei Daten\u00fcbertragungen \u00fcber das Internet (zum Beispiel bei der Kommunikation per E-Mail bzw. \u00fcber ein Kontaktformular) keine sichere \u00dcbertragung gew\u00e4hrleistet ist.<\/p>\n<p><strong>Datenweitergabe<\/strong><br\/>Eine \u00dcbermittlung an Dritte findet nur im Falle einer gesetzlichen Verpflichtung statt (z.B. zur Aufdeckung von Straftaten nach beh\u00f6rdlicher Aufforderung). Sollten externe Dienstleister mit Ihren personenbezogenen Daten in Verbindung kommen, stellen wir sowohl durch rechtliche, technische und organisatorische Ma\u00dfnahmen, als auch durch regelm\u00e4\u00dfige Kontrollen die Einhaltung der Vorschriften der Datenschutzgesetze sicher.<\/p>\n<p><strong>Bewerbungsverfahren<\/strong><br\/>Bei Bewerbungen, die bei uns auf elektronischem Weg eingehen, werden Ihre Angaben ausschlie\u00dflich zur Bearbeitung Ihrer Bewerbung verwendet. Eine Weitergabe an Dritte erfolgt nicht.<\/p>\n<p><strong>Datensicherheit<\/strong><br\/>Zur Sicherung Ihrer bei uns gespeicherten personenbezogenen Daten vor unberechtigtem Zugriff und Missbrauch treffen wir selbstverst\u00e4ndlich umfangreiche und dem Stand der Technik entsprechende Schutzvorkehrungen. Unsere Mitarbeiter sind zur Wahrung des Datengeheimnisses verpflichtet und werden regelm\u00e4\u00dfig darauf geschult. Auf der Webseite der Gruber GmbH &amp; Co. KG dienen die aufgef\u00fchrten Inhalte und Ausf\u00fchrungen ausschlie\u00dflich der Weitergabe von Informationen. Somit erheben Sie keine Anspr\u00fcche auf Vollst\u00e4ndigkeit und Richtigkeit.<\/p>\n<p><strong>Auskunftsrecht, Sperrung, L\u00f6schung<\/strong><br\/>Auf Anfrage werden Sie von uns dar\u00fcber informiert, welche personenbezogenen Daten wir von Ihnen (zum Beispiel Name, Adresse) gespeichert haben und wie wir diese verarbeiten. Auf Verlangen werden wir Ihre Daten berichtigen, sperren und auch l\u00f6schen. Eine Sperrung oder auch L\u00f6schung kann nur erfolgen wenn keine gesetzlichen Aufbewahrungspflichten dieses verhindern. Bitte haben Sie daf\u00fcr Verst\u00e4ndnis, dass Ihre Anfragen nur dann von uns beantwortet werden k\u00f6nnen, sofern uns diese auf dem Postweg erreichen.<\/p>\n<p>Haftungsausschluss f\u00fcr externe Links<br\/>Der Inhalt externer Links unterliegt einer sorgf\u00e4ltigen Auswahl und regelm\u00e4\u00dfigen \u00dcberpr\u00fcfung. F\u00fcr den Inhalt dieser Seiten sind jedoch ausschlie\u00dflich deren Betreiber verantwortlich. Wir \u00fcbermitteln keine Daten an den Betreiber des jeweiligen externen Links.<\/p>\n<p><strong>Kontakt Datenschutzbeauftragter:<\/strong><\/p>\n<p>\u00a0\u00a0\u00a0 Gruber GmbH &amp; Co. KG<br\/>\u00a0\u00a0\u00a0 Datenschutzbeauftragter<br\/>\u00a0\u00a0\u00a0 Muldenstrasse 17-25<br\/>\u00a0\u00a0\u00a0 67069 Ludwigshafen<\/p>\n<p>&#13;<\/p>\n<p>\u00a0\u00a0\u00a0 Tel.: +49 (0) 621 66002 &#8211; 0<br\/>\u00a0\u00a0\u00a0 Fax: +49 (0) 621 66002 &#8211; 39<br\/>\u00a0\u00a0\u00a0 eMail: info@sped-gruber.de<\/p>\n<p>&#13;\n<\/p><\/div>\n<p>&#13;<\/p>\n<\/div><\/div><\/div><style type=\"text\/css\">.fusion-body .fusion-builder-column-0{width:100% !important;margin-top : 0px;margin-bottom : 0px;}.fusion-builder-column-0 > .fusion-column-wrapper {padding-top : 0px !important;padding-right : 0px !important;margin-right : 1.92%;padding-bottom : 0px !important;padding-left : 0px !important;margin-left : 1.92%;}@media only screen and (max-width:1024px) {.fusion-body .fusion-builder-column-0{width:100% !important;}.fusion-builder-column-0 > .fusion-column-wrapper {margin-right : 1.92%;margin-left : 1.92%;}}@media only screen and (max-width:800px) {.fusion-body .fusion-builder-column-0{width:100% !important;}.fusion-builder-column-0 > .fusion-column-wrapper {margin-right : 1.92%;margin-left : 1.92%;}}<\/style><\/div><style type=\"text\/css\">.fusion-body .fusion-flex-container.fusion-builder-row-1{ padding-top : 0px;margin-top : 0px;padding-right : 0px;padding-bottom : 0px;margin-bottom : 0px;padding-left : 0px;}<\/style><\/div><div class=\"fusion-fullwidth fullwidth-box fusion-builder-row-2 fusion-flex-container nonhundred-percent-fullwidth non-hundred-percent-height-scrolling\" style=\"background-color: rgba(255,255,255,0);background-position: center center;background-repeat: no-repeat;border-width: 0px 0px 0px 0px;border-color:#e2e2e2;border-style:solid;\" ><div class=\"fusion-builder-row fusion-row fusion-flex-align-items-flex-start\" style=\"max-width:1248px;margin-left: calc(-4% \/ 2 );margin-right: calc(-4% \/ 2 );\"><div class=\"fusion-layout-column fusion_builder_column fusion-builder-column-1 fusion_builder_column_1_1 1_1 fusion-flex-column\"><div class=\"fusion-column-wrapper fusion-flex-justify-content-flex-start fusion-content-layout-column\" style=\"background-position:left top;background-repeat:no-repeat;-webkit-background-size:cover;-moz-background-size:cover;-o-background-size:cover;background-size:cover;padding: 0px 0px 0px 0px;\"><style>\n  \/* Nur mobil anzeigen *\/\n  @media (min-width: 769px) {\n    #mobileBackToTop {\n      display: none;\n    }\n  }\n\n  @media (max-width: 768px) {\n    #mobileBackToTop {\n      position: fixed;\n      bottom: 30px;\n      right: 20px;\n      width: 50px;\n      height: 50px;\n      background-color: rgba(0, 102, 204, 0.6); \/* Transparenter Blau-Ton *\/\n      border-radius: 50%;\n      display: flex;\n      justify-content: center;\n      align-items: center;\n      z-index: 9999;\n      cursor: pointer;\n      transition: background-color 0.3s ease;\n    }\n\n    #mobileBackToTop:hover {\n      background-color: rgba(0, 102, 204, 0.9); \/* St\u00e4rker beim Hover *\/\n    }\n\n    #mobileBackToTop svg {\n      width: 20px;\n      height: 20px;\n      fill: white;\n    }\n  }\n<\/style>\n\n<div id=\"mobileBackToTop\" onclick=\"window.scrollTo({ top: 0, behavior: 'smooth' });\" aria-label=\"Scroll to top\">\n  <svg viewbox=\"0 0 24 24\">\n    <path d=\"M12 8.5l-6 6 1.4 1.4L12 11.3l4.6 4.6 1.4-1.4z\"\/>\n  <\/svg>\n<\/div><\/div><\/div><style type=\"text\/css\">.fusion-body .fusion-builder-column-1{width:100% !important;margin-top : 0px;margin-bottom : 0px;}.fusion-builder-column-1 > .fusion-column-wrapper {padding-top : 0px !important;padding-right : 0px !important;margin-right : 1.92%;padding-bottom : 0px !important;padding-left : 0px !important;margin-left : 1.92%;}@media only screen and (max-width:1024px) {.fusion-body .fusion-builder-column-1{width:100% !important;order : 0;}.fusion-builder-column-1 > .fusion-column-wrapper {margin-right : 1.92%;margin-left : 1.92%;}}@media only screen and (max-width:800px) {.fusion-body .fusion-builder-column-1{width:100% !important;order : 0;}.fusion-builder-column-1 > .fusion-column-wrapper {margin-right : 1.92%;margin-left : 1.92%;}}<\/style><\/div><style type=\"text\/css\">.fusion-body .fusion-flex-container.fusion-builder-row-2{ padding-top : 0px;margin-top : 0px;padding-right : 0px;padding-bottom : 0px;margin-bottom : 0px;padding-left : 0px;}<\/style><\/div><\/p>\n","protected":false},"excerpt":{"rendered":"","protected":false},"author":1,"featured_media":1119,"parent":0,"menu_order":0,"comment_status":"closed","ping_status":"open","template":"","meta":{"footnotes":""},"class_list":["post-666","page","type-page","status-publish","has-post-thumbnail","hentry"],"_links":{"self":[{"href":"https:\/\/www.sped-gruber.de\/en\/wp-json\/wp\/v2\/pages\/666","targetHints":{"allow":["GET"]}}],"collection":[{"href":"https:\/\/www.sped-gruber.de\/en\/wp-json\/wp\/v2\/pages"}],"about":[{"href":"https:\/\/www.sped-gruber.de\/en\/wp-json\/wp\/v2\/types\/page"}],"author":[{"embeddable":true,"href":"https:\/\/www.sped-gruber.de\/en\/wp-json\/wp\/v2\/users\/1"}],"replies":[{"embeddable":true,"href":"https:\/\/www.sped-gruber.de\/en\/wp-json\/wp\/v2\/comments?post=666"}],"version-history":[{"count":5,"href":"https:\/\/www.sped-gruber.de\/en\/wp-json\/wp\/v2\/pages\/666\/revisions"}],"predecessor-version":[{"id":1361,"href":"https:\/\/www.sped-gruber.de\/en\/wp-json\/wp\/v2\/pages\/666\/revisions\/1361"}],"wp:featuredmedia":[{"embeddable":true,"href":"https:\/\/www.sped-gruber.de\/en\/wp-json\/wp\/v2\/media\/1119"}],"wp:attachment":[{"href":"https:\/\/www.sped-gruber.de\/en\/wp-json\/wp\/v2\/media?parent=666"}],"curies":[{"name":"wp","href":"https:\/\/api.w.org\/{rel}","templated":true}]}}